{"id":828,"date":"2019-03-04T13:02:19","date_gmt":"2019-03-04T13:02:19","guid":{"rendered":"https:\/\/rlc.es\/?page_id=828"},"modified":"2022-03-21T12:48:08","modified_gmt":"2022-03-21T11:48:08","slug":"entreprise","status":"publish","type":"page","link":"https:\/\/rlc.es\/fr\/entreprise\/","title":{"rendered":"Entreprise"},"content":{"rendered":"<div class=\"wpb-content-wrapper\"><p>[vc_row css_animation=\u00a0\u00bb\u00a0\u00bb row_type=\u00a0\u00bbrow\u00a0\u00bb use_row_as_full_screen_section=\u00a0\u00bbno\u00a0\u00bb type=\u00a0\u00bbfull_width\u00a0\u00bb angled_section=\u00a0\u00bbno\u00a0\u00bb text_align=\u00a0\u00bbleft\u00a0\u00bb background_image_as_pattern=\u00a0\u00bbwithout_pattern\u00a0\u00bb css=\u00a0\u00bb.vc_custom_1547805168761{margin-bottom: 30px !important;}\u00a0\u00bb z_index=\u00a0\u00bb\u00a0\u00bb][vc_column width=\u00a0\u00bb1\/2&Prime;][vc_single_image image=\u00a0\u00bb593&Prime; img_size=\u00a0\u00bbfull\u00a0\u00bb qode_css_animation=\u00a0\u00bb\u00a0\u00bb][\/vc_column][vc_column width=\u00a0\u00bb1\/2&Prime;][vc_column_text]<\/p>\n<h2 class=\"title1\" style=\"text-align: left;\">Nous sommes diff\u00e9rents<\/h2>\n<p>[\/vc_column_text][vc_column_text]<span class=\"title2\" style=\"text-align: left;\">25 ans d\u2019exp\u00e9rience en t\u00e9moigne<\/span>[\/vc_column_text][vc_empty_space height=\u00a0\u00bb20px\u00a0\u00bb][vc_column_text]RLC Transports voit le jour en 1993 \u00e0 \u201cEl Puig\u201d(Valencia), gr\u00e2ce \u00e0 l\u2019initiative de Jorge Cerdan Chicote et Elia Martinez Granell. Dans un premier temps , exclusivement consacr\u00e9e au transport de fruits et l\u00e9gumes, mais RLC est aujourd\u2019hui une soci\u00e9t\u00e9 qui fait aussi bien de l\u2019importation que de l\u2019exportation de tout type de marchandises, \u00e9tant en m\u00eame temps sp\u00e9cialis\u00e9e dans le transport frigorifique.<\/p>\n<p>&nbsp;<\/p>\n<p>Gr\u00e2ce \u00e0 son equipe de plus de 100 personnes au sein de 7 d\u00e9l\u00e9gations et \u00e0 une flotte de 300 camions, notre soci\u00e9t\u00e9 est devenue un r\u00e9f\u00e9rent sur le march\u00e9 Europ\u00e9en.<\/p>\n<p>&nbsp;<\/p>\n<p>Des valeurs telles que la confiance et la transparence font de RLC une soci\u00e9t\u00e9 diff\u00e9rente, visant l\u2019excellence.[\/vc_column_text][\/vc_column][\/vc_row]<\/p>\n<\/div>","protected":false},"excerpt":{"rendered":"<p>[vc_row css_animation=\u00a0\u00bb\u00a0\u00bb row_type=\u00a0\u00bbrow\u00a0\u00bb use_row_as_full_screen_section=\u00a0\u00bbno\u00a0\u00bb type=\u00a0\u00bbfull_width\u00a0\u00bb angled_section=\u00a0\u00bbno\u00a0\u00bb text_align=\u00a0\u00bbleft\u00a0\u00bb background_image_as_pattern=\u00a0\u00bbwithout_pattern\u00a0\u00bb css=\u00a0\u00bb.vc_custom_1547805168761{margin-bottom: 30px !important;}\u00a0\u00bb z_index=\u00a0\u00bb\u00a0\u00bb][vc_column width=\u00a0\u00bb1\/2&Prime;][vc_single_image image=\u00a0\u00bb593&Prime; img_size=\u00a0\u00bbfull\u00a0\u00bb qode_css_animation=\u00a0\u00bb\u00a0\u00bb][\/vc_column][vc_column width=\u00a0\u00bb1\/2&Prime;][vc_column_text] Nous sommes diff\u00e9rents [\/vc_column_text][vc_column_text]25 ans d\u2019exp\u00e9rience en t\u00e9moigne[\/vc_column_text][vc_empty_space height=\u00a0\u00bb20px\u00a0\u00bb][vc_column_text]RLC Transports voit le jour en 1993 \u00e0 \u201cEl Puig\u201d(Valencia), gr\u00e2ce \u00e0 l\u2019initiative de Jorge Cerdan Chicote et Elia Martinez&#8230;<\/p>\n","protected":false},"author":3,"featured_media":0,"parent":0,"menu_order":0,"comment_status":"closed","ping_status":"closed","template":"","meta":{"footnotes":""},"class_list":["post-828","page","type-page","status-publish","hentry"],"aioseo_notices":[],"_links":{"self":[{"href":"https:\/\/rlc.es\/fr\/wp-json\/wp\/v2\/pages\/828","targetHints":{"allow":["GET"]}}],"collection":[{"href":"https:\/\/rlc.es\/fr\/wp-json\/wp\/v2\/pages"}],"about":[{"href":"https:\/\/rlc.es\/fr\/wp-json\/wp\/v2\/types\/page"}],"author":[{"embeddable":true,"href":"https:\/\/rlc.es\/fr\/wp-json\/wp\/v2\/users\/3"}],"replies":[{"embeddable":true,"href":"https:\/\/rlc.es\/fr\/wp-json\/wp\/v2\/comments?post=828"}],"version-history":[{"count":0,"href":"https:\/\/rlc.es\/fr\/wp-json\/wp\/v2\/pages\/828\/revisions"}],"wp:attachment":[{"href":"https:\/\/rlc.es\/fr\/wp-json\/wp\/v2\/media?parent=828"}],"curies":[{"name":"wp","href":"https:\/\/api.w.org\/{rel}","templated":true}]}}