{"id":858,"date":"2019-03-04T15:50:48","date_gmt":"2019-03-04T15:50:48","guid":{"rendered":"https:\/\/rlc.es\/?page_id=858"},"modified":"2022-03-21T12:46:59","modified_gmt":"2022-03-21T11:46:59","slug":"eficacite-et-serieux","status":"publish","type":"page","link":"https:\/\/rlc.es\/fr\/eficacite-et-serieux\/","title":{"rendered":"Eficacit\u00e9 et S\u00e9rieux"},"content":{"rendered":"<div class=\"wpb-content-wrapper\"><p>[vc_row css_animation=\u00a0\u00bb\u00a0\u00bb row_type=\u00a0\u00bbrow\u00a0\u00bb use_row_as_full_screen_section=\u00a0\u00bbno\u00a0\u00bb type=\u00a0\u00bbfull_width\u00a0\u00bb angled_section=\u00a0\u00bbno\u00a0\u00bb text_align=\u00a0\u00bbleft\u00a0\u00bb background_image_as_pattern=\u00a0\u00bbwithout_pattern\u00a0\u00bb css=\u00a0\u00bb.vc_custom_1547805168761{margin-bottom: 30px !important;}\u00a0\u00bb z_index=\u00a0\u00bb\u00a0\u00bb][vc_column width=\u00a0\u00bb1\/2&Prime;][vc_single_image image=\u00a0\u00bb450&Prime; img_size=\u00a0\u00bbfull\u00a0\u00bb qode_css_animation=\u00a0\u00bb\u00a0\u00bb][\/vc_column][vc_column width=\u00a0\u00bb1\/2&Prime;][vc_column_text]<\/p>\n<h2 class=\"title1\" style=\"text-align: left;\">En ce qui concerne notre \u00e9ficacit\u00e9<\/h2>\n<p>[\/vc_column_text][vc_empty_space height=\u00a0\u00bb20px\u00a0\u00bb][vc_column_text]RLC est une des premi\u00e8res entreprises de Transport \u00e0 \u00eatre certifi\u00e9 IFS Logistique , \u00e9tant audit\u00e9e sur toutes les activit\u00e9s logistiques pour les produits alimentaires.<\/p>\n<p>&nbsp;<\/p>\n<p>Le fait de travailler avec une entit\u00e9 de Certification accr\u00e9dit\u00e9e, garantie au client , la compatibilit\u00e9 et la transparence durant toute la cha\u00eene d&rsquo;approvisionnement .<\/p>\n<p>&nbsp;<\/p>\n<p>Pour nous, il est d&rsquo;une importance vitale de travailler sur la motivation continue et le recyclage constant de notre \u00e9quipe humaine, \u00a0dans le but de cr\u00e9er la meilleure atmosph\u00e8re de travail possible et ainsi, obtenir l&rsquo;excellence dans chacun de nos services.[\/vc_column_text][vc_row_inner row_type=\u00a0\u00bbrow\u00a0\u00bb type=\u00a0\u00bbfull_width\u00a0\u00bb text_align=\u00a0\u00bbleft\u00a0\u00bb css_animation=\u00a0\u00bb\u00a0\u00bb][vc_column_inner css=\u00a0\u00bb.vc_custom_1549531142638{margin-top: 20px !important;}\u00a0\u00bb][vc_single_image image=\u00a0\u00bb643&Prime; img_size=\u00a0\u00bbfull\u00a0\u00bb qode_css_animation=\u00a0\u00bb\u00a0\u00bb][\/vc_column_inner][\/vc_row_inner][\/vc_column][\/vc_row]<\/p>\n<\/div>","protected":false},"excerpt":{"rendered":"<p>[vc_row css_animation=\u00a0\u00bb\u00a0\u00bb row_type=\u00a0\u00bbrow\u00a0\u00bb use_row_as_full_screen_section=\u00a0\u00bbno\u00a0\u00bb type=\u00a0\u00bbfull_width\u00a0\u00bb angled_section=\u00a0\u00bbno\u00a0\u00bb text_align=\u00a0\u00bbleft\u00a0\u00bb background_image_as_pattern=\u00a0\u00bbwithout_pattern\u00a0\u00bb css=\u00a0\u00bb.vc_custom_1547805168761{margin-bottom: 30px !important;}\u00a0\u00bb z_index=\u00a0\u00bb\u00a0\u00bb][vc_column width=\u00a0\u00bb1\/2&Prime;][vc_single_image image=\u00a0\u00bb450&Prime; img_size=\u00a0\u00bbfull\u00a0\u00bb qode_css_animation=\u00a0\u00bb\u00a0\u00bb][\/vc_column][vc_column width=\u00a0\u00bb1\/2&Prime;][vc_column_text] En ce qui concerne notre \u00e9ficacit\u00e9 [\/vc_column_text][vc_empty_space height=\u00a0\u00bb20px\u00a0\u00bb][vc_column_text]RLC est une des premi\u00e8res entreprises de Transport \u00e0 \u00eatre certifi\u00e9 IFS Logistique , \u00e9tant audit\u00e9e sur toutes les activit\u00e9s logistiques&#8230;<\/p>\n","protected":false},"author":3,"featured_media":0,"parent":0,"menu_order":0,"comment_status":"closed","ping_status":"closed","template":"","meta":{"footnotes":""},"class_list":["post-858","page","type-page","status-publish","hentry"],"aioseo_notices":[],"_links":{"self":[{"href":"https:\/\/rlc.es\/fr\/wp-json\/wp\/v2\/pages\/858","targetHints":{"allow":["GET"]}}],"collection":[{"href":"https:\/\/rlc.es\/fr\/wp-json\/wp\/v2\/pages"}],"about":[{"href":"https:\/\/rlc.es\/fr\/wp-json\/wp\/v2\/types\/page"}],"author":[{"embeddable":true,"href":"https:\/\/rlc.es\/fr\/wp-json\/wp\/v2\/users\/3"}],"replies":[{"embeddable":true,"href":"https:\/\/rlc.es\/fr\/wp-json\/wp\/v2\/comments?post=858"}],"version-history":[{"count":0,"href":"https:\/\/rlc.es\/fr\/wp-json\/wp\/v2\/pages\/858\/revisions"}],"wp:attachment":[{"href":"https:\/\/rlc.es\/fr\/wp-json\/wp\/v2\/media?parent=858"}],"curies":[{"name":"wp","href":"https:\/\/api.w.org\/{rel}","templated":true}]}}