{"id":870,"date":"2019-03-04T16:04:31","date_gmt":"2019-03-04T16:04:31","guid":{"rendered":"https:\/\/rlc.es\/?page_id=870"},"modified":"2022-03-21T13:11:20","modified_gmt":"2022-03-21T12:11:20","slug":"qualite","status":"publish","type":"page","link":"https:\/\/rlc.es\/fr\/qualite\/","title":{"rendered":"Qualit\u00e9"},"content":{"rendered":"<div class=\"wpb-content-wrapper\"><p>[vc_row css_animation=\u00a0\u00bb\u00a0\u00bb row_type=\u00a0\u00bbrow\u00a0\u00bb use_row_as_full_screen_section=\u00a0\u00bbno\u00a0\u00bb type=\u00a0\u00bbfull_width\u00a0\u00bb angled_section=\u00a0\u00bbno\u00a0\u00bb text_align=\u00a0\u00bbleft\u00a0\u00bb background_image_as_pattern=\u00a0\u00bbwithout_pattern\u00a0\u00bb css=\u00a0\u00bb.vc_custom_1547805168761{margin-bottom: 30px !important;}\u00a0\u00bb z_index=\u00a0\u00bb\u00a0\u00bb][vc_column width=\u00a0\u00bb1\/2&Prime;][vc_single_image image=\u00a0\u00bb462&Prime; img_size=\u00a0\u00bbfull\u00a0\u00bb qode_css_animation=\u00a0\u00bb\u00a0\u00bb][\/vc_column][vc_column width=\u00a0\u00bb1\/2&Prime;][vc_column_text]<\/p>\n<h2 class=\"title1\" style=\"text-align: left;\">En ce qui concerne notre qualit\u00e9<\/h2>\n<p>[\/vc_column_text][vc_empty_space height=\u00a0\u00bb20px\u00a0\u00bb][vc_column_text]RLC a re\u00e7u la prestigieuse r\u00e9compense \u00a0\u00bb International Star for Quality\u00a0\u00bb prix d\u00e9cern\u00e9 par le B.I.D. (Bussines initiative Directions), cr\u00e9\u00e9 pour reconna\u00eetre le prestige des entreprises les plus remarquables. La r\u00e9compense reconna\u00eet des valeurs comme l&rsquo;exp\u00e9rience dans le leadership, la direction commerciale, la qualit\u00e9 et l&rsquo;excellence, un prestige patronal et d&rsquo;une marque, une technologie, innovation et projection.<\/p>\n<p>&nbsp;<\/p>\n<p>En plus de cette prestigieuse r\u00e9compense , nous avons \u00e9galement le Certificat de Qualit\u00e9 ISO 9001. Notre politique de qualit\u00e9 est int\u00e9gr\u00e9e dans tous nos services ,avec une sp\u00e9ciale \u00a0attention, au contr\u00f4le de qualit\u00e9 de biens et de services et au processus g\u00e9n\u00e9ral de transport routier des marchandises.[\/vc_column_text][\/vc_column][\/vc_row]<\/p>\n<\/div>","protected":false},"excerpt":{"rendered":"<p>[vc_row css_animation=\u00a0\u00bb\u00a0\u00bb row_type=\u00a0\u00bbrow\u00a0\u00bb use_row_as_full_screen_section=\u00a0\u00bbno\u00a0\u00bb type=\u00a0\u00bbfull_width\u00a0\u00bb angled_section=\u00a0\u00bbno\u00a0\u00bb text_align=\u00a0\u00bbleft\u00a0\u00bb background_image_as_pattern=\u00a0\u00bbwithout_pattern\u00a0\u00bb css=\u00a0\u00bb.vc_custom_1547805168761{margin-bottom: 30px !important;}\u00a0\u00bb z_index=\u00a0\u00bb\u00a0\u00bb][vc_column width=\u00a0\u00bb1\/2&Prime;][vc_single_image image=\u00a0\u00bb462&Prime; img_size=\u00a0\u00bbfull\u00a0\u00bb qode_css_animation=\u00a0\u00bb\u00a0\u00bb][\/vc_column][vc_column width=\u00a0\u00bb1\/2&Prime;][vc_column_text] En ce qui concerne notre qualit\u00e9 [\/vc_column_text][vc_empty_space height=\u00a0\u00bb20px\u00a0\u00bb][vc_column_text]RLC a re\u00e7u la prestigieuse r\u00e9compense \u00a0\u00bb International Star for Quality\u00a0\u00bb prix d\u00e9cern\u00e9 par le B.I.D. (Bussines initiative Directions), cr\u00e9\u00e9 pour&#8230;<\/p>\n","protected":false},"author":3,"featured_media":0,"parent":0,"menu_order":0,"comment_status":"closed","ping_status":"closed","template":"","meta":{"footnotes":""},"class_list":["post-870","page","type-page","status-publish","hentry"],"aioseo_notices":[],"_links":{"self":[{"href":"https:\/\/rlc.es\/fr\/wp-json\/wp\/v2\/pages\/870","targetHints":{"allow":["GET"]}}],"collection":[{"href":"https:\/\/rlc.es\/fr\/wp-json\/wp\/v2\/pages"}],"about":[{"href":"https:\/\/rlc.es\/fr\/wp-json\/wp\/v2\/types\/page"}],"author":[{"embeddable":true,"href":"https:\/\/rlc.es\/fr\/wp-json\/wp\/v2\/users\/3"}],"replies":[{"embeddable":true,"href":"https:\/\/rlc.es\/fr\/wp-json\/wp\/v2\/comments?post=870"}],"version-history":[{"count":0,"href":"https:\/\/rlc.es\/fr\/wp-json\/wp\/v2\/pages\/870\/revisions"}],"wp:attachment":[{"href":"https:\/\/rlc.es\/fr\/wp-json\/wp\/v2\/media?parent=870"}],"curies":[{"name":"wp","href":"https:\/\/api.w.org\/{rel}","templated":true}]}}