{"id":872,"date":"2019-03-04T16:05:22","date_gmt":"2019-03-04T16:05:22","guid":{"rendered":"https:\/\/rlc.es\/?page_id=872"},"modified":"2022-03-21T12:37:18","modified_gmt":"2022-03-21T11:37:18","slug":"attention-personnalisee","status":"publish","type":"page","link":"https:\/\/rlc.es\/fr\/attention-personnalisee\/","title":{"rendered":"Attention personnalis\u00e9e"},"content":{"rendered":"<div class=\"wpb-content-wrapper\"><p>[vc_row css_animation=\u00a0\u00bb\u00a0\u00bb row_type=\u00a0\u00bbrow\u00a0\u00bb use_row_as_full_screen_section=\u00a0\u00bbno\u00a0\u00bb type=\u00a0\u00bbfull_width\u00a0\u00bb angled_section=\u00a0\u00bbno\u00a0\u00bb text_align=\u00a0\u00bbleft\u00a0\u00bb background_image_as_pattern=\u00a0\u00bbwithout_pattern\u00a0\u00bb css=\u00a0\u00bb.vc_custom_1547805168761{margin-bottom: 30px !important;}\u00a0\u00bb z_index=\u00a0\u00bb\u00a0\u00bb][vc_column width=\u00a0\u00bb1\/2&Prime;][vc_single_image image=\u00a0\u00bb467&Prime; img_size=\u00a0\u00bbfull\u00a0\u00bb qode_css_animation=\u00a0\u00bb\u00a0\u00bb][\/vc_column][vc_column width=\u00a0\u00bb1\/2&Prime;][vc_column_text]<\/p>\n<h2 class=\"title1\" style=\"text-align: left;\">En ce qui concerne notre attention personnalis\u00e9e<\/h2>\n<p>[\/vc_column_text][vc_empty_space height=\u00a0\u00bb20px\u00a0\u00bb][vc_column_text]Nous \u00e9coutons et nous nous occupons de tous vos besoins de transport, de mani\u00e8re personnalis\u00e9e, en vous d\u00e9montrant que nous sommes une entreprise avec une vraie capacit\u00e9 de service pour traiter vos demandes avec comp\u00e9tence, en trouvant et en appliquant les solutions les plus versatiles possibles.<\/p>\n<p>&nbsp;<\/p>\n<p>Anglais, Fran\u00e7ais, Allemand,Italien, Hollandais, Polonais ou Tch\u00e8que sont les langues habituelles pour nos D\u00e9partements d&rsquo;exploitation pour une communication fluide et facile avec nos clients, ind\u00e9pendamment de leurs lieux d&rsquo;origine.[\/vc_column_text][\/vc_column][\/vc_row]<\/p>\n<\/div>","protected":false},"excerpt":{"rendered":"<p>[vc_row css_animation=\u00a0\u00bb\u00a0\u00bb row_type=\u00a0\u00bbrow\u00a0\u00bb use_row_as_full_screen_section=\u00a0\u00bbno\u00a0\u00bb type=\u00a0\u00bbfull_width\u00a0\u00bb angled_section=\u00a0\u00bbno\u00a0\u00bb text_align=\u00a0\u00bbleft\u00a0\u00bb background_image_as_pattern=\u00a0\u00bbwithout_pattern\u00a0\u00bb css=\u00a0\u00bb.vc_custom_1547805168761{margin-bottom: 30px !important;}\u00a0\u00bb z_index=\u00a0\u00bb\u00a0\u00bb][vc_column width=\u00a0\u00bb1\/2&Prime;][vc_single_image image=\u00a0\u00bb467&Prime; img_size=\u00a0\u00bbfull\u00a0\u00bb qode_css_animation=\u00a0\u00bb\u00a0\u00bb][\/vc_column][vc_column width=\u00a0\u00bb1\/2&Prime;][vc_column_text] En ce qui concerne notre attention personnalis\u00e9e [\/vc_column_text][vc_empty_space height=\u00a0\u00bb20px\u00a0\u00bb][vc_column_text]Nous \u00e9coutons et nous nous occupons de tous vos besoins de transport, de mani\u00e8re personnalis\u00e9e, en vous d\u00e9montrant que nous&#8230;<\/p>\n","protected":false},"author":3,"featured_media":0,"parent":0,"menu_order":0,"comment_status":"closed","ping_status":"closed","template":"","meta":{"footnotes":""},"class_list":["post-872","page","type-page","status-publish","hentry"],"aioseo_notices":[],"_links":{"self":[{"href":"https:\/\/rlc.es\/fr\/wp-json\/wp\/v2\/pages\/872","targetHints":{"allow":["GET"]}}],"collection":[{"href":"https:\/\/rlc.es\/fr\/wp-json\/wp\/v2\/pages"}],"about":[{"href":"https:\/\/rlc.es\/fr\/wp-json\/wp\/v2\/types\/page"}],"author":[{"embeddable":true,"href":"https:\/\/rlc.es\/fr\/wp-json\/wp\/v2\/users\/3"}],"replies":[{"embeddable":true,"href":"https:\/\/rlc.es\/fr\/wp-json\/wp\/v2\/comments?post=872"}],"version-history":[{"count":0,"href":"https:\/\/rlc.es\/fr\/wp-json\/wp\/v2\/pages\/872\/revisions"}],"wp:attachment":[{"href":"https:\/\/rlc.es\/fr\/wp-json\/wp\/v2\/media?parent=872"}],"curies":[{"name":"wp","href":"https:\/\/api.w.org\/{rel}","templated":true}]}}