{"id":878,"date":"2019-03-04T16:08:50","date_gmt":"2019-03-04T16:08:50","guid":{"rendered":"https:\/\/rlc.es\/?page_id=878"},"modified":"2022-03-21T13:12:06","modified_gmt":"2022-03-21T12:12:06","slug":"responsabilite","status":"publish","type":"page","link":"https:\/\/rlc.es\/fr\/responsabilite\/","title":{"rendered":"Responsabilit\u00e9"},"content":{"rendered":"<div class=\"wpb-content-wrapper\"><p>[vc_row css_animation=\u00a0\u00bb\u00a0\u00bb row_type=\u00a0\u00bbrow\u00a0\u00bb use_row_as_full_screen_section=\u00a0\u00bbno\u00a0\u00bb type=\u00a0\u00bbfull_width\u00a0\u00bb angled_section=\u00a0\u00bbno\u00a0\u00bb text_align=\u00a0\u00bbleft\u00a0\u00bb background_image_as_pattern=\u00a0\u00bbwithout_pattern\u00a0\u00bb css=\u00a0\u00bb.vc_custom_1547805168761{margin-bottom: 30px !important;}\u00a0\u00bb z_index=\u00a0\u00bb\u00a0\u00bb][vc_column width=\u00a0\u00bb1\/3&Prime;][vc_single_image image=\u00a0\u00bb661&Prime; img_size=\u00a0\u00bbfull\u00a0\u00bb qode_css_animation=\u00a0\u00bb\u00a0\u00bb][\/vc_column][vc_column width=\u00a0\u00bb1\/3&Prime;][vc_column_text]<\/p>\n<h2 class=\"title1\" style=\"text-align: left;\">En ce qui concerne notre responsabilit\u00e9<\/h2>\n<p>[\/vc_column_text][vc_empty_space height=\u00a0\u00bb20px\u00a0\u00bb][vc_column_text]<strong>RLC<\/strong> est non seulement engag\u00e9e en faveur de l\u2019environnement<b> , <\/b>mais aussi avec les personnes qui l\u2019entoure. Nous pouvons d\u00e9finir cet engagement social sur trois points cl\u00e9s, que nous d\u00e9finirons de la mani\u00e8re suivante:[\/vc_column_text][\/vc_column][vc_column width=\u00a0\u00bb1\/3&Prime;][vc_single_image image=\u00a0\u00bb710&Prime; img_size=\u00a0\u00bbfull\u00a0\u00bb qode_css_animation=\u00a0\u00bb\u00a0\u00bb][\/vc_column][\/vc_row][vc_row css_animation=\u00a0\u00bb\u00a0\u00bb row_type=\u00a0\u00bbrow\u00a0\u00bb use_row_as_full_screen_section=\u00a0\u00bbno\u00a0\u00bb type=\u00a0\u00bbfull_width\u00a0\u00bb angled_section=\u00a0\u00bbno\u00a0\u00bb text_align=\u00a0\u00bbleft\u00a0\u00bb background_image_as_pattern=\u00a0\u00bbwithout_pattern\u00a0\u00bb css=\u00a0\u00bb.vc_custom_1549540119009{margin-bottom: 50px !important;}\u00a0\u00bb z_index=\u00a0\u00bb\u00a0\u00bb][vc_column width=\u00a0\u00bb1\/3&Prime;]<div class='q_icon_with_title medium custom_icon_image center '><div class=\"icon_holder \" style=\" \"><img decoding=\"async\" src=\"https:\/\/rlc.es\/wp-content\/uploads\/2019\/02\/responsable.png\" alt=\"\"><\/div><div class=\"icon_text_holder\" style=\"\"><div class=\"icon_text_inner\" style=\"\"><h5 class=\"icon_title\" style=\"\">RLC est responsable au sein de son entreprise<\/h5><p style=''>Le plus important est de commencer avec, ceux gr\u00e0ce \u00e0 qui nous existons, nos employ\u00e9s , nos clients , nos fournisseurs. Et notre premi\u00e8re action de responsabilit\u00e9, est bas\u00e9e sur les salaires et les prestations justes, la compatibilit\u00e9 familiale, la participation de nos employ\u00e9s sur des projets de develloppement, la formation continue, la flexibilit\u00e9 pour les vacances, et l\u2019espace de travail de qualit\u00e9.<\/p><\/div><\/div><\/div>[\/vc_column][vc_column width=\u00a0\u00bb1\/3&Prime;]<div class='q_icon_with_title medium custom_icon_image center '><div class=\"icon_holder \" style=\" \"><img decoding=\"async\" src=\"https:\/\/rlc.es\/wp-content\/uploads\/2019\/02\/vecino2.png\" alt=\"\"><\/div><div class=\"icon_text_holder\" style=\"\"><div class=\"icon_text_inner\" style=\"\"><h5 class=\"icon_title\" style=\"\">RLC est un bon voisin<\/h5><p style=''>RLC participe activement dans la plupart des associations culturelles de proximit\u00e9. Dons \u00e0 la Croix Rouge de fa\u00e7on hebdomadaire, projets d\u2019insertion professionnelle des jeunes universitaires, activit\u00e9s culturelles au sein de la ville de notre si\u00e8ge social : El puig, avec l\u2019\u00e9cole sportive de \u201cPilota Valenciana\u201d et de football, l\u2019\u00e9cole de musique, et l\u2019association musicale.. Etc. Ainsi que d\u2019autres projets plus ambicieux, ou nous collaborons, comme chaque ann\u00e9e, avec la Fondation 'Bicyclette sans Fronti\u00e8res``, dont l'activit\u00e9 est de remettre des bicyclettes aux personnes sans ressources de petits villages du S\u00e9n\u00e9gal, pour qu'elles puissent se d\u00e9placer, vers l'\u00e9cole ou le travail, ou m\u00eame encore aller chercher de l\u2019eau.<\/p><\/div><\/div><\/div>[\/vc_column][vc_column width=\u00a0\u00bb1\/3&Prime;]<div class='q_icon_with_title medium custom_icon_image center '><div class=\"icon_holder \" style=\" \"><img decoding=\"async\" src=\"https:\/\/rlc.es\/wp-content\/uploads\/2019\/02\/sostenible.png\" alt=\"\"><\/div><div class=\"icon_text_holder\" style=\"\"><div class=\"icon_text_inner\" style=\"\"><h5 class=\"icon_title\" style=\"\">RLC mise sur un transport durable<\/h5><p style=''>Achat d\u2019\u00e9quipements de basse consommation et renouvellement continuel de notre flotte, achat de syst\u00e8me de froid \u00e9lectrique, contr\u00f4le des fournisseurs de transports et exigence de v\u00e9hicules qui respectent les normes d\u2019emissions de gaz.<\/p><\/div><\/div><\/div>[\/vc_column][\/vc_row]<\/p>\n<\/div>","protected":false},"excerpt":{"rendered":"<p>[vc_row css_animation=\u00a0\u00bb\u00a0\u00bb row_type=\u00a0\u00bbrow\u00a0\u00bb use_row_as_full_screen_section=\u00a0\u00bbno\u00a0\u00bb type=\u00a0\u00bbfull_width\u00a0\u00bb angled_section=\u00a0\u00bbno\u00a0\u00bb text_align=\u00a0\u00bbleft\u00a0\u00bb background_image_as_pattern=\u00a0\u00bbwithout_pattern\u00a0\u00bb css=\u00a0\u00bb.vc_custom_1547805168761{margin-bottom: 30px !important;}\u00a0\u00bb z_index=\u00a0\u00bb\u00a0\u00bb][vc_column width=\u00a0\u00bb1\/3&Prime;][vc_single_image image=\u00a0\u00bb661&Prime; img_size=\u00a0\u00bbfull\u00a0\u00bb qode_css_animation=\u00a0\u00bb\u00a0\u00bb][\/vc_column][vc_column width=\u00a0\u00bb1\/3&Prime;][vc_column_text] En ce qui concerne notre responsabilit\u00e9 [\/vc_column_text][vc_empty_space height=\u00a0\u00bb20px\u00a0\u00bb][vc_column_text]RLC est non seulement engag\u00e9e en faveur de l\u2019environnement , mais aussi avec les personnes qui l\u2019entoure. Nous pouvons d\u00e9finir cet&#8230;<\/p>\n","protected":false},"author":3,"featured_media":0,"parent":0,"menu_order":0,"comment_status":"closed","ping_status":"closed","template":"","meta":{"footnotes":""},"class_list":["post-878","page","type-page","status-publish","hentry"],"aioseo_notices":[],"_links":{"self":[{"href":"https:\/\/rlc.es\/fr\/wp-json\/wp\/v2\/pages\/878","targetHints":{"allow":["GET"]}}],"collection":[{"href":"https:\/\/rlc.es\/fr\/wp-json\/wp\/v2\/pages"}],"about":[{"href":"https:\/\/rlc.es\/fr\/wp-json\/wp\/v2\/types\/page"}],"author":[{"embeddable":true,"href":"https:\/\/rlc.es\/fr\/wp-json\/wp\/v2\/users\/3"}],"replies":[{"embeddable":true,"href":"https:\/\/rlc.es\/fr\/wp-json\/wp\/v2\/comments?post=878"}],"version-history":[{"count":0,"href":"https:\/\/rlc.es\/fr\/wp-json\/wp\/v2\/pages\/878\/revisions"}],"wp:attachment":[{"href":"https:\/\/rlc.es\/fr\/wp-json\/wp\/v2\/media?parent=878"}],"curies":[{"name":"wp","href":"https:\/\/api.w.org\/{rel}","templated":true}]}}