{"id":894,"date":"2019-03-04T16:26:19","date_gmt":"2019-03-04T16:26:19","guid":{"rendered":"https:\/\/rlc.es\/?page_id=894"},"modified":"2022-03-21T13:08:25","modified_gmt":"2022-03-21T12:08:25","slug":"les-groupages","status":"publish","type":"page","link":"https:\/\/rlc.es\/fr\/les-groupages\/","title":{"rendered":"Les Groupages"},"content":{"rendered":"<div class=\"wpb-content-wrapper\"><p>[vc_row css_animation=\u00a0\u00bb\u00a0\u00bb row_type=\u00a0\u00bbrow\u00a0\u00bb use_row_as_full_screen_section=\u00a0\u00bbno\u00a0\u00bb type=\u00a0\u00bbfull_width\u00a0\u00bb angled_section=\u00a0\u00bbno\u00a0\u00bb text_align=\u00a0\u00bbleft\u00a0\u00bb background_image_as_pattern=\u00a0\u00bbwithout_pattern\u00a0\u00bb css=\u00a0\u00bb.vc_custom_1547805168761{margin-bottom: 30px !important;}\u00a0\u00bb z_index=\u00a0\u00bb\u00a0\u00bb][vc_column width=\u00a0\u00bb1\/2&Prime;][vc_single_image image=\u00a0\u00bb515&Prime; img_size=\u00a0\u00bbfull\u00a0\u00bb qode_css_animation=\u00a0\u00bb\u00a0\u00bb][\/vc_column][vc_column width=\u00a0\u00bb1\/2&Prime;][vc_column_text]<\/p>\n<h2 class=\"title1\" style=\"text-align: left;\">Les groupages<\/h2>\n<p>[\/vc_column_text][vc_empty_space height=\u00a0\u00bb20px\u00a0\u00bb][vc_column_text]En nous appuyant sur notre r\u00e9seau de collaborateurs, nous offrons la possibilit\u00e9 de chargements partiels depuis n&rsquo;importe quel point \u00e0 tout point de livraison en Europe.<\/p>\n<p>&nbsp;<\/p>\n<p>Pour plus de d\u00e9tails sur les services offerts par RLC Transports, n\u2019h\u00e9sitez pas \u00e0 nous contacter \u00e0 travers notre formulaire online ou bien en appelant le 902 15 31 54.<\/p>\n<p>&nbsp;<\/p>\n<p>[\/vc_column_text]<a  itemprop=\"url\" href=\"\/contact\/?lang=fr\" target=\"_self\"  class=\"qbutton  default\" style=\"color: #ffffff; border-color: #c23126; background-color:#c23126;\">Contactez-nous!<\/a>[\/vc_column][\/vc_row]<\/p>\n<\/div>","protected":false},"excerpt":{"rendered":"<p>[vc_row css_animation=\u00a0\u00bb\u00a0\u00bb row_type=\u00a0\u00bbrow\u00a0\u00bb use_row_as_full_screen_section=\u00a0\u00bbno\u00a0\u00bb type=\u00a0\u00bbfull_width\u00a0\u00bb angled_section=\u00a0\u00bbno\u00a0\u00bb text_align=\u00a0\u00bbleft\u00a0\u00bb background_image_as_pattern=\u00a0\u00bbwithout_pattern\u00a0\u00bb css=\u00a0\u00bb.vc_custom_1547805168761{margin-bottom: 30px !important;}\u00a0\u00bb z_index=\u00a0\u00bb\u00a0\u00bb][vc_column width=\u00a0\u00bb1\/2&Prime;][vc_single_image image=\u00a0\u00bb515&Prime; img_size=\u00a0\u00bbfull\u00a0\u00bb qode_css_animation=\u00a0\u00bb\u00a0\u00bb][\/vc_column][vc_column width=\u00a0\u00bb1\/2&Prime;][vc_column_text] Les groupages [\/vc_column_text][vc_empty_space height=\u00a0\u00bb20px\u00a0\u00bb][vc_column_text]En nous appuyant sur notre r\u00e9seau de collaborateurs, nous offrons la possibilit\u00e9 de chargements partiels depuis n&rsquo;importe quel point \u00e0 tout point de livraison en&#8230;<\/p>\n","protected":false},"author":3,"featured_media":0,"parent":0,"menu_order":0,"comment_status":"closed","ping_status":"closed","template":"","meta":{"footnotes":""},"class_list":["post-894","page","type-page","status-publish","hentry"],"aioseo_notices":[],"_links":{"self":[{"href":"https:\/\/rlc.es\/fr\/wp-json\/wp\/v2\/pages\/894","targetHints":{"allow":["GET"]}}],"collection":[{"href":"https:\/\/rlc.es\/fr\/wp-json\/wp\/v2\/pages"}],"about":[{"href":"https:\/\/rlc.es\/fr\/wp-json\/wp\/v2\/types\/page"}],"author":[{"embeddable":true,"href":"https:\/\/rlc.es\/fr\/wp-json\/wp\/v2\/users\/3"}],"replies":[{"embeddable":true,"href":"https:\/\/rlc.es\/fr\/wp-json\/wp\/v2\/comments?post=894"}],"version-history":[{"count":0,"href":"https:\/\/rlc.es\/fr\/wp-json\/wp\/v2\/pages\/894\/revisions"}],"wp:attachment":[{"href":"https:\/\/rlc.es\/fr\/wp-json\/wp\/v2\/media?parent=894"}],"curies":[{"name":"wp","href":"https:\/\/api.w.org\/{rel}","templated":true}]}}