{"id":902,"date":"2019-03-04T16:38:39","date_gmt":"2019-03-04T16:38:39","guid":{"rendered":"https:\/\/rlc.es\/?page_id=902"},"modified":"2022-03-21T12:40:43","modified_gmt":"2022-03-21T11:40:43","slug":"contact","status":"publish","type":"page","link":"https:\/\/rlc.es\/fr\/contact\/","title":{"rendered":"Contact"},"content":{"rendered":"<div class=\"wpb-content-wrapper\"><p>[vc_row css_animation=\u00a0\u00bb\u00a0\u00bb row_type=\u00a0\u00bbrow\u00a0\u00bb use_row_as_full_screen_section=\u00a0\u00bbno\u00a0\u00bb type=\u00a0\u00bbfull_width\u00a0\u00bb angled_section=\u00a0\u00bbno\u00a0\u00bb text_align=\u00a0\u00bbleft\u00a0\u00bb background_image_as_pattern=\u00a0\u00bbwithout_pattern\u00a0\u00bb][vc_column][vc_gmaps link=\u00a0\u00bb#E-8_JTNDaWZyYW1lJTIwc3JjJTNEJTIyaHR0cHMlM0ElMkYlMkZ3d3cuZ29vZ2xlLmNvbSUyRm1hcHMlMkZlbWJlZCUzRnBiJTNEJTIxMW0xOCUyMTFtMTIlMjExbTMlMjExZDMwNzQuNzY2NzUyNjY4NDgxMyUyMTJkLTAuMzAyNzQwNDQ4NjAxODIwMjYlMjEzZDM5LjU4NzQwNjg3OTM2OTQ0JTIxMm0zJTIxMWYwJTIxMmYwJTIxM2YwJTIxM20yJTIxMWkxMDI0JTIxMmk3NjglMjE0ZjEzLjElMjEzbTMlMjExbTIlMjExczB4ZDYwNDBhMDY2MzU2ZDNkJTI1M0EweGMyYjNmM2JjZWI1YTlkNzclMjEyc1JMQyUyQlRyYW5zcG9ydGVzJTI1MkMlMkJTLkwuJTIxNWUwJTIxM20yJTIxMXNlcyUyMTJzZXMlMjE0djE1NDc4MTU4MTMxNDglMjIlMjB3aWR0aCUzRCUyMjEwMCUyNSUyMiUyMGhlaWdodCUzRCUyMjQwMCUyMiUyMGZyYW1lYm9yZGVyJTNEJTIyMCUyMiUyMHN0eWxlJTNEJTIyYm9yZGVyJTNBMCUyMiUyMGFsbG93ZnVsbHNjcmVlbiUzRSUzQyUyRmlmcmFtZSUzRQ==\u00a0\u00bb css=\u00a0\u00bb.vc_custom_1547815854069{margin-bottom: 30px !important;}\u00a0\u00bb][\/vc_column][\/vc_row][vc_row css_animation=\u00a0\u00bb\u00a0\u00bb row_type=\u00a0\u00bbrow\u00a0\u00bb use_row_as_full_screen_section=\u00a0\u00bbno\u00a0\u00bb type=\u00a0\u00bbfull_width\u00a0\u00bb angled_section=\u00a0\u00bbno\u00a0\u00bb text_align=\u00a0\u00bbleft\u00a0\u00bb background_image_as_pattern=\u00a0\u00bbwithout_pattern\u00a0\u00bb css=\u00a0\u00bb.vc_custom_1547805168761{margin-bottom: 30px !important;}\u00a0\u00bb z_index=\u00a0\u00bb\u00a0\u00bb][vc_column width=\u00a0\u00bb1\/2&Prime;][vc_column_text]<\/p>\n<h2 style=\"text-align: left;\">RLC Transports<\/h2>\n<p>[\/vc_column_text][vc_empty_space height=\u00a0\u00bb20px\u00a0\u00bb][vc_column_text css=\u00a0\u00bb.vc_custom_1551717648581{margin-bottom: 20px !important;}\u00a0\u00bb]Si vous avez le moindre doute \u00e0 propos de nos services n\u2019h\u00e9sitez pas \u00e0 nous contacter \u00e0 travers notre formulaire online ou bien en appelant le num\u00e9ro qui vient \u00e0 continuation.[\/vc_column_text][vc_column_text css=\u00a0\u00bb.vc_custom_1549542205306{margin-bottom: 20px !important;}\u00a0\u00bb]<div class=\"q_icon_list\"><i class=\"qode_icon_font_awesome fa fa-map-marker qode-ili-icon-holder transparent\" style=\"color: #C23126;\" ><\/i><p style=\"\">Avda. Virgen del Puig, 13&lt;br \/&gt;\nEl Puig,&lt;br \/&gt;\n46540 El Puig de Santa Maria, Val\u00e8ncia<\/p><\/div><div class=\"q_icon_list\"><i class=\"qode_icon_font_awesome fa fa-phone qode-ili-icon-holder transparent\" style=\"color: #C23126;\" ><\/i><p style=\"\">902 15 31 54<\/p><\/div><div class=\"q_icon_list\"><i class=\"qode_icon_font_awesome fa fa-envelope qode-ili-icon-holder transparent\" style=\"color: #C23126;\" ><\/i><p style=\"\">rlc@rlc.es<\/p><\/div><div class=\"q_icon_list\"><i class=\"qode_icon_font_awesome fa fa-globe qode-ili-icon-holder transparent\" style=\"color: #C23126;\" ><\/i><p style=\"\">rlc.es<\/p><\/div>[\/vc_column_text]<a  itemprop=\"url\" href=\"\/Exploitation\/?lang=fr\" target=\"_self\"  class=\"qbutton  default\" style=\"border-color: #c23126; background-color:#c23126;\">Voir toutes les d\u00e9l\u00e9gations<\/a>[\/vc_column][vc_column width=\u00a0\u00bb1\/2&Prime;][contact-form-7 id=\u00a0\u00bb900&Prime; html_class=\u00a0\u00bbdefault\u00a0\u00bb][\/vc_column][\/vc_row]<\/p>\n<\/div>","protected":false},"excerpt":{"rendered":"<p>[vc_row css_animation=\u00a0\u00bb\u00a0\u00bb row_type=\u00a0\u00bbrow\u00a0\u00bb use_row_as_full_screen_section=\u00a0\u00bbno\u00a0\u00bb type=\u00a0\u00bbfull_width\u00a0\u00bb angled_section=\u00a0\u00bbno\u00a0\u00bb text_align=\u00a0\u00bbleft\u00a0\u00bb background_image_as_pattern=\u00a0\u00bbwithout_pattern\u00a0\u00bb][vc_column][vc_gmaps link=\u00a0\u00bb#E-8_JTNDaWZyYW1lJTIwc3JjJTNEJTIyaHR0cHMlM0ElMkYlMkZ3d3cuZ29vZ2xlLmNvbSUyRm1hcHMlMkZlbWJlZCUzRnBiJTNEJTIxMW0xOCUyMTFtMTIlMjExbTMlMjExZDMwNzQuNzY2NzUyNjY4NDgxMyUyMTJkLTAuMzAyNzQwNDQ4NjAxODIwMjYlMjEzZDM5LjU4NzQwNjg3OTM2OTQ0JTIxMm0zJTIxMWYwJTIxMmYwJTIxM2YwJTIxM20yJTIxMWkxMDI0JTIxMmk3NjglMjE0ZjEzLjElMjEzbTMlMjExbTIlMjExczB4ZDYwNDBhMDY2MzU2ZDNkJTI1M0EweGMyYjNmM2JjZWI1YTlkNzclMjEyc1JMQyUyQlRyYW5zcG9ydGVzJTI1MkMlMkJTLkwuJTIxNWUwJTIxM20yJTIxMXNlcyUyMTJzZXMlMjE0djE1NDc4MTU4MTMxNDglMjIlMjB3aWR0aCUzRCUyMjEwMCUyNSUyMiUyMGhlaWdodCUzRCUyMjQwMCUyMiUyMGZyYW1lYm9yZGVyJTNEJTIyMCUyMiUyMHN0eWxlJTNEJTIyYm9yZGVyJTNBMCUyMiUyMGFsbG93ZnVsbHNjcmVlbiUzRSUzQyUyRmlmcmFtZSUzRQ==\u00a0\u00bb css=\u00a0\u00bb.vc_custom_1547815854069{margin-bottom: 30px !important;}\u00a0\u00bb][\/vc_column][\/vc_row][vc_row css_animation=\u00a0\u00bb\u00a0\u00bb row_type=\u00a0\u00bbrow\u00a0\u00bb use_row_as_full_screen_section=\u00a0\u00bbno\u00a0\u00bb type=\u00a0\u00bbfull_width\u00a0\u00bb angled_section=\u00a0\u00bbno\u00a0\u00bb text_align=\u00a0\u00bbleft\u00a0\u00bb background_image_as_pattern=\u00a0\u00bbwithout_pattern\u00a0\u00bb css=\u00a0\u00bb.vc_custom_1547805168761{margin-bottom: 30px !important;}\u00a0\u00bb z_index=\u00a0\u00bb\u00a0\u00bb][vc_column width=\u00a0\u00bb1\/2&Prime;][vc_column_text] RLC Transports [\/vc_column_text][vc_empty_space height=\u00a0\u00bb20px\u00a0\u00bb][vc_column_text css=\u00a0\u00bb.vc_custom_1551717648581{margin-bottom: 20px !important;}\u00a0\u00bb]Si vous avez le moindre doute \u00e0 propos de nos services n\u2019h\u00e9sitez pas \u00e0 nous&#8230;<\/p>\n","protected":false},"author":3,"featured_media":0,"parent":0,"menu_order":0,"comment_status":"closed","ping_status":"closed","template":"","meta":{"footnotes":""},"class_list":["post-902","page","type-page","status-publish","hentry"],"aioseo_notices":[],"_links":{"self":[{"href":"https:\/\/rlc.es\/fr\/wp-json\/wp\/v2\/pages\/902","targetHints":{"allow":["GET"]}}],"collection":[{"href":"https:\/\/rlc.es\/fr\/wp-json\/wp\/v2\/pages"}],"about":[{"href":"https:\/\/rlc.es\/fr\/wp-json\/wp\/v2\/types\/page"}],"author":[{"embeddable":true,"href":"https:\/\/rlc.es\/fr\/wp-json\/wp\/v2\/users\/3"}],"replies":[{"embeddable":true,"href":"https:\/\/rlc.es\/fr\/wp-json\/wp\/v2\/comments?post=902"}],"version-history":[{"count":0,"href":"https:\/\/rlc.es\/fr\/wp-json\/wp\/v2\/pages\/902\/revisions"}],"wp:attachment":[{"href":"https:\/\/rlc.es\/fr\/wp-json\/wp\/v2\/media?parent=902"}],"curies":[{"name":"wp","href":"https:\/\/api.w.org\/{rel}","templated":true}]}}