{"id":1004,"date":"2019-03-06T08:44:34","date_gmt":"2019-03-06T08:44:34","guid":{"rendered":"https:\/\/rlc.es\/?page_id=1004"},"modified":"2022-03-23T12:08:52","modified_gmt":"2022-03-23T11:08:52","slug":"qualita","status":"publish","type":"page","link":"https:\/\/rlc.es\/it\/qualita\/","title":{"rendered":"Qualit\u00e0"},"content":{"rendered":"<div class=\"wpb-content-wrapper\"><p>[vc_row css_animation=&#8221;&#8221; row_type=&#8221;row&#8221; use_row_as_full_screen_section=&#8221;no&#8221; type=&#8221;full_width&#8221; angled_section=&#8221;no&#8221; text_align=&#8221;left&#8221; background_image_as_pattern=&#8221;without_pattern&#8221; css=&#8221;.vc_custom_1547805168761{margin-bottom: 30px !important;}&#8221; z_index=&#8221;&#8221;][vc_column width=&#8221;1\/2&#8243;][vc_single_image image=&#8221;462&#8243; img_size=&#8221;full&#8221; qode_css_animation=&#8221;&#8221;][\/vc_column][vc_column width=&#8221;1\/2&#8243;][vc_column_text]<\/p>\n<h2 class=\"title1\" style=\"text-align: left;\">Per la nostra qualit\u00e0<\/h2>\n<p>[\/vc_column_text][vc_empty_space height=&#8221;20px&#8221;][vc_column_text]RLC ha ricevuto la &#8220;International Star for Quality&#8221; rilasciata dai Premi B.I.D (Business Initiative Directions), creati per riconoscere il prestigio delle imprese pi\u00f9 eminenti. Il premio riconosce valori come l&#8217;esperienza nella leadership, la direzione commerciale, la qualit\u00e0 ed eccellenza, la reputazione imprenditoriale e di marca, la tecnologia, l&#8217;innovazione e lo sviluppo.<\/p>\n<p>In aggiunta a questo premio prestigioso, abbiamo ottenuto anche il Certificato di Qualit\u00e0 ISO 9001. La nostra politica di qualit\u00e0 si estende a tutti i nostri departimenti, ponendo una particolare attenzione al controllo della qualit\u00e0 dei beni e servizi ed al processo generale di trasporto di merce per strada.[\/vc_column_text][\/vc_column][\/vc_row]<\/p>\n<\/div>","protected":false},"excerpt":{"rendered":"<p>[vc_row css_animation=&#8221;&#8221; row_type=&#8221;row&#8221; use_row_as_full_screen_section=&#8221;no&#8221; type=&#8221;full_width&#8221; angled_section=&#8221;no&#8221; text_align=&#8221;left&#8221; background_image_as_pattern=&#8221;without_pattern&#8221; css=&#8221;.vc_custom_1547805168761{margin-bottom: 30px !important;}&#8221; z_index=&#8221;&#8221;][vc_column width=&#8221;1\/2&#8243;][vc_single_image image=&#8221;462&#8243; img_size=&#8221;full&#8221; qode_css_animation=&#8221;&#8221;][\/vc_column][vc_column width=&#8221;1\/2&#8243;][vc_column_text] Per la nostra qualit\u00e0 [\/vc_column_text][vc_empty_space height=&#8221;20px&#8221;][vc_column_text]RLC ha ricevuto la &#8220;International Star for Quality&#8221; rilasciata dai Premi B.I.D (Business Initiative Directions), creati per riconoscere il prestigio delle imprese pi\u00f9&#8230;<\/p>\n","protected":false},"author":3,"featured_media":0,"parent":0,"menu_order":0,"comment_status":"closed","ping_status":"closed","template":"","meta":{"footnotes":""},"class_list":["post-1004","page","type-page","status-publish","hentry"],"aioseo_notices":[],"_links":{"self":[{"href":"https:\/\/rlc.es\/it\/wp-json\/wp\/v2\/pages\/1004","targetHints":{"allow":["GET"]}}],"collection":[{"href":"https:\/\/rlc.es\/it\/wp-json\/wp\/v2\/pages"}],"about":[{"href":"https:\/\/rlc.es\/it\/wp-json\/wp\/v2\/types\/page"}],"author":[{"embeddable":true,"href":"https:\/\/rlc.es\/it\/wp-json\/wp\/v2\/users\/3"}],"replies":[{"embeddable":true,"href":"https:\/\/rlc.es\/it\/wp-json\/wp\/v2\/comments?post=1004"}],"version-history":[{"count":0,"href":"https:\/\/rlc.es\/it\/wp-json\/wp\/v2\/pages\/1004\/revisions"}],"wp:attachment":[{"href":"https:\/\/rlc.es\/it\/wp-json\/wp\/v2\/media?parent=1004"}],"curies":[{"name":"wp","href":"https:\/\/api.w.org\/{rel}","templated":true}]}}