{"id":1010,"date":"2019-03-06T08:58:15","date_gmt":"2019-03-06T08:58:15","guid":{"rendered":"https:\/\/rlc.es\/?page_id=1010"},"modified":"2022-03-23T12:12:52","modified_gmt":"2022-03-23T11:12:52","slug":"responsabilita","status":"publish","type":"page","link":"https:\/\/rlc.es\/it\/responsabilita\/","title":{"rendered":"Responsabilit\u00e0"},"content":{"rendered":"<div class=\"wpb-content-wrapper\"><p>[vc_row css_animation=&#8221;&#8221; row_type=&#8221;row&#8221; use_row_as_full_screen_section=&#8221;no&#8221; type=&#8221;full_width&#8221; angled_section=&#8221;no&#8221; text_align=&#8221;left&#8221; background_image_as_pattern=&#8221;without_pattern&#8221; css=&#8221;.vc_custom_1547805168761{margin-bottom: 30px !important;}&#8221; z_index=&#8221;&#8221;][vc_column width=&#8221;1\/3&#8243;][vc_single_image image=&#8221;661&#8243; img_size=&#8221;full&#8221; qode_css_animation=&#8221;&#8221;][\/vc_column][vc_column width=&#8221;1\/3&#8243;][vc_column_text]<\/p>\n<h2 class=\"title1\" style=\"text-align: left;\">Per la nostra responsabilit\u00e0<\/h2>\n<p>[\/vc_column_text][vc_empty_space height=&#8221;20px&#8221;][vc_column_text]<strong>RLC<\/strong> \u00e8 una impresa che si preoccupa sia per l\u2019ambiente che per le persone che ci circondano. Possiamo dividere la nostra strategia riguardo <strong>l\u2019impegno sociale<\/strong> in tre \u00a0punti,nominandoli in questo modo:[\/vc_column_text][\/vc_column][vc_column width=&#8221;1\/3&#8243;][vc_single_image image=&#8221;710&#8243; img_size=&#8221;full&#8221; qode_css_animation=&#8221;&#8221;][\/vc_column][\/vc_row][vc_row css_animation=&#8221;&#8221; row_type=&#8221;row&#8221; use_row_as_full_screen_section=&#8221;no&#8221; type=&#8221;full_width&#8221; angled_section=&#8221;no&#8221; text_align=&#8221;left&#8221; background_image_as_pattern=&#8221;without_pattern&#8221; css=&#8221;.vc_custom_1549540119009{margin-bottom: 50px !important;}&#8221; z_index=&#8221;&#8221;][vc_column width=&#8221;1\/3&#8243;]<div class='q_icon_with_title medium custom_icon_image center '><div class=\"icon_holder \" style=\" \"><img decoding=\"async\" src=\"https:\/\/rlc.es\/wp-content\/uploads\/2019\/02\/responsable.png\" alt=\"\"><\/div><div class=\"icon_text_holder\" style=\"\"><div class=\"icon_text_inner\" style=\"\"><h5 class=\"icon_title\" style=\"\">RLC si preoccupa del proprio interno<\/h5><p style=''>La cosa pi\u00f9 importante \u00e8 cominciare dalle persone che ci stanno pi\u00f9 vicine,quindi i nostri dipendenti,clienti,fornitori sono il nostro primo punto chiave per il nostro impegno.Stipendio,condizioni oneste,agevolazioni familiari,partecipazione dei dipendenti nello sviluppo di nuovi progetti,formazione professionale continua,flessibilit\u00e0 nelle vacanza ed una zona lavorativ\u00e0 di elevata qualit\u00e0.<\/p><\/div><\/div><\/div>[\/vc_column][vc_column width=&#8221;1\/3&#8243;]<div class='q_icon_with_title medium custom_icon_image center '><div class=\"icon_holder \" style=\" \"><img decoding=\"async\" src=\"https:\/\/rlc.es\/wp-content\/uploads\/2019\/02\/vecino2.png\" alt=\"\"><\/div><div class=\"icon_text_holder\" style=\"\"><div class=\"icon_text_inner\" style=\"\"><h5 class=\"icon_title\" style=\"\">RLC \u00e8 un buon vicino<\/h5><p style=''>RLC collabora con buona parte delle associazioni culturali delle notre vicinanze.Da donazioni settimanali alla Croce Rossa,progetti di inserimento nel mondo del lavoro per Giovanni laureati,attivit\u00e1 culturali per El Puig,dove si trova la nostra sede centrale come scuola sportiva sia di \u201cPilota Valenciana\u201d che di calcio,scuola di musica etc\u2026.Inoltre collaboriamo con altri progetti,anche se non cos\u00ed vicini:infatti tutti gli anni collaboriamo con \u201cBicicletas sin fronteras\u201d,donando appunto biciclette agli abitanti di piccoli paesini del Senegal in modo da poter raggiungere le scuole,il lavoro,o solo per ottenere dell\u2019acqua.<\/p><\/div><\/div><\/div>[\/vc_column][vc_column width=&#8221;1\/3&#8243;]<div class='q_icon_with_title medium custom_icon_image center '><div class=\"icon_holder \" style=\" \"><img decoding=\"async\" src=\"https:\/\/rlc.es\/wp-content\/uploads\/2019\/02\/sostenible.png\" alt=\"\"><\/div><div class=\"icon_text_holder\" style=\"\"><div class=\"icon_text_inner\" style=\"\"><h5 class=\"icon_title\" style=\"\">RLC crede in un trasporto sostenibile<\/h5><p style=''>Acquistando veicoli a basse emissioni e rinnovando continuamente la nostra flotta,cos\u00ed come sistema di refrigerazione elettrici,controllando i vettori in modo che abbiano veicoli che soddisfano le attuali normative sulle emissioni.<\/p><\/div><\/div><\/div>[\/vc_column][\/vc_row]<\/p>\n<\/div>","protected":false},"excerpt":{"rendered":"<p>[vc_row css_animation=&#8221;&#8221; row_type=&#8221;row&#8221; use_row_as_full_screen_section=&#8221;no&#8221; type=&#8221;full_width&#8221; angled_section=&#8221;no&#8221; text_align=&#8221;left&#8221; background_image_as_pattern=&#8221;without_pattern&#8221; css=&#8221;.vc_custom_1547805168761{margin-bottom: 30px !important;}&#8221; z_index=&#8221;&#8221;][vc_column width=&#8221;1\/3&#8243;][vc_single_image image=&#8221;661&#8243; img_size=&#8221;full&#8221; qode_css_animation=&#8221;&#8221;][\/vc_column][vc_column width=&#8221;1\/3&#8243;][vc_column_text] Per la nostra responsabilit\u00e0 [\/vc_column_text][vc_empty_space height=&#8221;20px&#8221;][vc_column_text]RLC \u00e8 una impresa che si preoccupa sia per l\u2019ambiente che per le persone che ci circondano. Possiamo dividere la nostra strategia riguardo&#8230;<\/p>\n","protected":false},"author":3,"featured_media":0,"parent":0,"menu_order":0,"comment_status":"closed","ping_status":"closed","template":"","meta":{"footnotes":""},"class_list":["post-1010","page","type-page","status-publish","hentry"],"aioseo_notices":[],"_links":{"self":[{"href":"https:\/\/rlc.es\/it\/wp-json\/wp\/v2\/pages\/1010","targetHints":{"allow":["GET"]}}],"collection":[{"href":"https:\/\/rlc.es\/it\/wp-json\/wp\/v2\/pages"}],"about":[{"href":"https:\/\/rlc.es\/it\/wp-json\/wp\/v2\/types\/page"}],"author":[{"embeddable":true,"href":"https:\/\/rlc.es\/it\/wp-json\/wp\/v2\/users\/3"}],"replies":[{"embeddable":true,"href":"https:\/\/rlc.es\/it\/wp-json\/wp\/v2\/comments?post=1010"}],"version-history":[{"count":0,"href":"https:\/\/rlc.es\/it\/wp-json\/wp\/v2\/pages\/1010\/revisions"}],"wp:attachment":[{"href":"https:\/\/rlc.es\/it\/wp-json\/wp\/v2\/media?parent=1010"}],"curies":[{"name":"wp","href":"https:\/\/api.w.org\/{rel}","templated":true}]}}