{"id":993,"date":"2019-03-05T14:13:00","date_gmt":"2019-03-05T14:13:00","guid":{"rendered":"https:\/\/rlc.es\/?page_id=993"},"modified":"2022-03-23T12:22:26","modified_gmt":"2022-03-23T11:22:26","slug":"efficacia-e-serieta","status":"publish","type":"page","link":"https:\/\/rlc.es\/it\/efficacia-e-serieta\/","title":{"rendered":"Efficacia e seriet\u00e0"},"content":{"rendered":"<div class=\"wpb-content-wrapper\"><p>[vc_row css_animation=&#8221;&#8221; row_type=&#8221;row&#8221; use_row_as_full_screen_section=&#8221;no&#8221; type=&#8221;full_width&#8221; angled_section=&#8221;no&#8221; text_align=&#8221;left&#8221; background_image_as_pattern=&#8221;without_pattern&#8221; css=&#8221;.vc_custom_1547805168761{margin-bottom: 30px !important;}&#8221; z_index=&#8221;&#8221;][vc_column width=&#8221;1\/2&#8243;][vc_single_image image=&#8221;450&#8243; img_size=&#8221;full&#8221; qode_css_animation=&#8221;&#8221;][\/vc_column][vc_column width=&#8221;1\/2&#8243;][vc_column_text]<\/p>\n<h2 class=\"title1\" style=\"text-align: left;\">Per la nostra efficacia<\/h2>\n<p>[\/vc_column_text][vc_empty_space height=&#8221;20px&#8221;][vc_column_text]Inoltre RLC \u00e9 una delle prime ditte di trasporti che ha ottenuto il certificato IFS Logistica esaminando tutte le attivit\u00e1 logistiche per prodotti alimentari. In questo modo il cliente pu\u00f3 assicurare la compatibilit\u00e1 e trasperenza durante tutta la catena di distribuzione,lavorando con una entit\u00e1 acreditata di questa certificazione<\/p>\n<p class=\"modal-text\"><strong>\u00a0<\/strong><\/p>\n<p>&nbsp;<\/p>\n<p>RLC possiede anche il certificato di Buenas Pr\u00e1cticas per la distribuzione dei medicinali per uso umano,come richiesto dalle normative della Commisione Europea. L\u2019attenzione di RLC per la qualit\u00e1 \u00e9 una constante nel rapporto con i clienti.<\/p>\n<p>&nbsp;<\/p>\n<p>Buona parte dei nostri sforzi si concentra nel creare e manternere un ambiente di lavoro dove si possano migliorare i nostri valori etici e dove possiamo \u00a0sviluppare le nostre capacit\u00e1,sia professinali che umane[\/vc_column_text][vc_row_inner row_type=&#8221;row&#8221; type=&#8221;full_width&#8221; text_align=&#8221;left&#8221; css_animation=&#8221;&#8221;][vc_column_inner css=&#8221;.vc_custom_1549531142638{margin-top: 20px !important;}&#8221;][vc_single_image image=&#8221;643&#8243; img_size=&#8221;full&#8221; qode_css_animation=&#8221;&#8221;][\/vc_column_inner][\/vc_row_inner][\/vc_column][\/vc_row]<\/p>\n<\/div>","protected":false},"excerpt":{"rendered":"<p>[vc_row css_animation=&#8221;&#8221; row_type=&#8221;row&#8221; use_row_as_full_screen_section=&#8221;no&#8221; type=&#8221;full_width&#8221; angled_section=&#8221;no&#8221; text_align=&#8221;left&#8221; background_image_as_pattern=&#8221;without_pattern&#8221; css=&#8221;.vc_custom_1547805168761{margin-bottom: 30px !important;}&#8221; z_index=&#8221;&#8221;][vc_column width=&#8221;1\/2&#8243;][vc_single_image image=&#8221;450&#8243; img_size=&#8221;full&#8221; qode_css_animation=&#8221;&#8221;][\/vc_column][vc_column width=&#8221;1\/2&#8243;][vc_column_text] Per la nostra efficacia [\/vc_column_text][vc_empty_space height=&#8221;20px&#8221;][vc_column_text]Inoltre RLC \u00e9 una delle prime ditte di trasporti che ha ottenuto il certificato IFS Logistica esaminando tutte le attivit\u00e1 logistiche per prodotti&#8230;<\/p>\n","protected":false},"author":3,"featured_media":0,"parent":0,"menu_order":0,"comment_status":"closed","ping_status":"closed","template":"","meta":{"footnotes":""},"class_list":["post-993","page","type-page","status-publish","hentry"],"aioseo_notices":[],"_links":{"self":[{"href":"https:\/\/rlc.es\/it\/wp-json\/wp\/v2\/pages\/993","targetHints":{"allow":["GET"]}}],"collection":[{"href":"https:\/\/rlc.es\/it\/wp-json\/wp\/v2\/pages"}],"about":[{"href":"https:\/\/rlc.es\/it\/wp-json\/wp\/v2\/types\/page"}],"author":[{"embeddable":true,"href":"https:\/\/rlc.es\/it\/wp-json\/wp\/v2\/users\/3"}],"replies":[{"embeddable":true,"href":"https:\/\/rlc.es\/it\/wp-json\/wp\/v2\/comments?post=993"}],"version-history":[{"count":0,"href":"https:\/\/rlc.es\/it\/wp-json\/wp\/v2\/pages\/993\/revisions"}],"wp:attachment":[{"href":"https:\/\/rlc.es\/it\/wp-json\/wp\/v2\/media?parent=993"}],"curies":[{"name":"wp","href":"https:\/\/api.w.org\/{rel}","templated":true}]}}